{"id":672,"date":"2022-06-16T17:30:07","date_gmt":"2022-06-16T17:30:07","guid":{"rendered":"https:\/\/americaabierta.org\/?page_id=672"},"modified":"2022-06-17T21:53:25","modified_gmt":"2022-06-17T21:53:25","slug":"contacto","status":"publish","type":"page","link":"https:\/\/2022.americaabierta.org\/en\/contacto\/","title":{"rendered":"Contact"},"content":{"rendered":"<section id=\"wp-block-themeisle-blocks-advanced-columns-9f8848a6\" class=\"wp-block-themeisle-blocks-advanced-columns alignfull has-2-columns has-desktop-equal-layout has-tablet-equal-layout has-mobile-collapsedRows-layout has-vertical-center\"><div class=\"wp-block-themeisle-blocks-advanced-columns-overlay\"><\/div><div class=\"innerblocks-wrap\">\n<div id=\"wp-block-themeisle-blocks-advanced-column-cedf80ca\" class=\"wp-block-themeisle-blocks-advanced-column\">\n<h1 id=\"wp-block-themeisle-blocks-advanced-heading-ddc7a054\" class=\"wp-block-themeisle-blocks-advanced-heading wp-block-themeisle-blocks-advanced-heading-ddc7a054\">Contact<\/h1>\n\n\n\n<div style=\"height:20px\" aria-hidden=\"true\" class=\"wp-block-spacer\"><\/div>\n<\/div>\n\n\n\n<div id=\"wp-block-themeisle-blocks-advanced-column-48eed1bc\" class=\"wp-block-themeisle-blocks-advanced-column\"><\/div>\n<\/div><\/section>\n\n\n\n<div style=\"height:40px\" aria-hidden=\"true\" class=\"wp-block-spacer\"><\/div>\n\n\n\n<p>If you have any questions about the event, check out our FAQs here.&nbsp;<\/p>\n\n\n\n<p>Subscribe to <a href=\"https:\/\/opengovpartnership.us3.list-manage.com\/subscribe?u=b25f647af089f5f52485a663d&amp;id=874e29c81c\">OGP Newsletter<\/a> and of <a href=\"https:\/\/idatosabiertos.us17.list-manage.com\/subscribe?u=a6773071fdf46177e9eee55c4&amp;id=4f1e4fa8f2\">ILDA<\/a> to receive the most important news about the event.<\/p>\n\n\n\n<p>For general questions, please contact: <a href=\"mailto:americaabierta@opengovpartnership.org\">americaabierta@opengovpartnership.org<\/a>&nbsp;<br>For media\/press inquiries contact: <a href=\"mailto:communications@opengovpartnership.org\">communications@opengovpartnership.org<\/a><\/p>","protected":false},"excerpt":{"rendered":"<p>Si tienes alguna pregunta sobre el evento, consulta nuestras preguntas frecuentes aqu\u00ed.&nbsp; Suscr\u00edbete al Bolet\u00edn de OGP y de ILDA para recibir las noticias m\u00e1s importantes sobre el evento. Para preguntas generales, favor contactar a: americaabierta@opengovpartnership.org&nbsp;Para preguntas de medios\/prensa contactar a: communications@opengovpartnership.org<\/p>","protected":false},"author":2,"featured_media":0,"parent":0,"menu_order":0,"comment_status":"closed","ping_status":"closed","template":"","meta":{"neve_meta_sidebar":"","neve_meta_container":"","neve_meta_enable_content_width":"","neve_meta_content_width":0,"neve_meta_title_alignment":"","neve_meta_author_avatar":"","neve_post_elements_order":"","neve_meta_disable_header":"","neve_meta_disable_footer":"","neve_meta_disable_title":"on","_themeisle_gutenberg_block_has_review":false,"footnotes":""},"class_list":["post-672","page","type-page","status-publish","hentry"],"_links":{"self":[{"href":"https:\/\/2022.americaabierta.org\/en\/wp-json\/wp\/v2\/pages\/672","targetHints":{"allow":["GET"]}}],"collection":[{"href":"https:\/\/2022.americaabierta.org\/en\/wp-json\/wp\/v2\/pages"}],"about":[{"href":"https:\/\/2022.americaabierta.org\/en\/wp-json\/wp\/v2\/types\/page"}],"author":[{"embeddable":true,"href":"https:\/\/2022.americaabierta.org\/en\/wp-json\/wp\/v2\/users\/2"}],"replies":[{"embeddable":true,"href":"https:\/\/2022.americaabierta.org\/en\/wp-json\/wp\/v2\/comments?post=672"}],"version-history":[{"count":3,"href":"https:\/\/2022.americaabierta.org\/en\/wp-json\/wp\/v2\/pages\/672\/revisions"}],"predecessor-version":[{"id":677,"href":"https:\/\/2022.americaabierta.org\/en\/wp-json\/wp\/v2\/pages\/672\/revisions\/677"}],"wp:attachment":[{"href":"https:\/\/2022.americaabierta.org\/en\/wp-json\/wp\/v2\/media?parent=672"}],"curies":[{"name":"wp","href":"https:\/\/api.w.org\/{rel}","templated":true}]}}