{"id":378,"date":"2022-05-25T00:20:39","date_gmt":"2022-05-25T00:20:39","guid":{"rendered":"https:\/\/americaabierta.org\/?page_id=378"},"modified":"2022-09-06T12:03:33","modified_gmt":"2022-09-06T12:03:33","slug":"agenda","status":"publish","type":"page","link":"https:\/\/2022.americaabierta.org\/en\/agenda\/","title":{"rendered":"Agenda"},"content":{"rendered":"\n<section id=\"wp-block-themeisle-blocks-advanced-columns-9f8848a6\" class=\"wp-block-themeisle-blocks-advanced-columns alignfull has-2-columns has-desktop-equal-layout has-tablet-equal-layout has-mobile-collapsedRows-layout has-vertical-center\"><div class=\"wp-block-themeisle-blocks-advanced-columns-overlay\"><\/div><div class=\"innerblocks-wrap\">\n<div id=\"wp-block-themeisle-blocks-advanced-column-cedf80ca\" class=\"wp-block-themeisle-blocks-advanced-column\">\n<h1 id=\"wp-block-themeisle-blocks-advanced-heading-ddc7a054\" class=\"wp-block-themeisle-blocks-advanced-heading wp-block-themeisle-blocks-advanced-heading-ddc7a054\">Conoce la agenda  del evento <\/h1>\n\n\n\n<p class=\"has-text-align-left has-white-color has-text-color\"><\/p>\n<\/div>\n\n\n\n<div id=\"wp-block-themeisle-blocks-advanced-column-48eed1bc\" class=\"wp-block-themeisle-blocks-advanced-column\"><\/div>\n<\/div><\/section>\n\n\n\n<div style=\"height:25px\" aria-hidden=\"true\" class=\"wp-block-spacer\"><\/div>\n\n\n\n<p class=\"has-text-align-center\">Explora sesiones, conversatorios, talleres y dem\u00e1s en la agenda abajo. <br>Descube c\u00f3mo se dise\u00f1\u00f3 la agenda del evento <a rel=\"noreferrer noopener\" href=\"https:\/\/americaabierta.org\/diseno-de-la-agenda\/\" data-type=\"URL\" data-id=\"https:\/\/americaabierta.org\/diseno-de-la-agenda\/\" target=\"_blank\"><strong>aqu\u00ed<\/strong><\/a>. <\/p>\n\n\n\n[sched sidebar=\u00bbyes\u00bb url=\u00bb\/\/americaabierta.sched.com\/\u00bb]View the Am\u00e9rica Abierta schedule &amp; directory.[\/sched]\n","protected":false},"excerpt":{"rendered":"<p>Explora sesiones, conversatorios, talleres y dem\u00e1s en la agenda abajo. Descube c\u00f3mo se dise\u00f1\u00f3 la agenda del evento aqu\u00ed. [sched sidebar=\u00bbyes\u00bb url=\u00bb\/\/americaabierta.sched.com\/\u00bb]View the Am\u00e9rica Abierta schedule &amp; directory.[\/sched]<\/p>\n","protected":false},"author":2,"featured_media":590,"parent":0,"menu_order":0,"comment_status":"closed","ping_status":"closed","template":"","meta":{"neve_meta_sidebar":"","neve_meta_container":"","neve_meta_enable_content_width":"","neve_meta_content_width":0,"neve_meta_title_alignment":"","neve_meta_author_avatar":"","neve_post_elements_order":"","neve_meta_disable_header":"off","neve_meta_disable_footer":"","neve_meta_disable_title":"on","_themeisle_gutenberg_block_has_review":false,"footnotes":""},"class_list":["post-378","page","type-page","status-publish","has-post-thumbnail","hentry"],"_links":{"self":[{"href":"https:\/\/2022.americaabierta.org\/en\/wp-json\/wp\/v2\/pages\/378","targetHints":{"allow":["GET"]}}],"collection":[{"href":"https:\/\/2022.americaabierta.org\/en\/wp-json\/wp\/v2\/pages"}],"about":[{"href":"https:\/\/2022.americaabierta.org\/en\/wp-json\/wp\/v2\/types\/page"}],"author":[{"embeddable":true,"href":"https:\/\/2022.americaabierta.org\/en\/wp-json\/wp\/v2\/users\/2"}],"replies":[{"embeddable":true,"href":"https:\/\/2022.americaabierta.org\/en\/wp-json\/wp\/v2\/comments?post=378"}],"version-history":[{"count":35,"href":"https:\/\/2022.americaabierta.org\/en\/wp-json\/wp\/v2\/pages\/378\/revisions"}],"predecessor-version":[{"id":869,"href":"https:\/\/2022.americaabierta.org\/en\/wp-json\/wp\/v2\/pages\/378\/revisions\/869"}],"wp:featuredmedia":[{"embeddable":true,"href":"https:\/\/2022.americaabierta.org\/en\/wp-json\/wp\/v2\/media\/590"}],"wp:attachment":[{"href":"https:\/\/2022.americaabierta.org\/en\/wp-json\/wp\/v2\/media?parent=378"}],"curies":[{"name":"wp","href":"https:\/\/api.w.org\/{rel}","templated":true}]}}