{"id":372,"date":"2022-05-25T00:19:09","date_gmt":"2022-05-25T00:19:09","guid":{"rendered":"https:\/\/americaabierta.org\/?page_id=372"},"modified":"2022-09-23T19:15:57","modified_gmt":"2022-09-23T19:15:57","slug":"preguntas-frecuentes","status":"publish","type":"page","link":"https:\/\/2022.americaabierta.org\/en\/preguntas-frecuentes\/","title":{"rendered":"FAQs"},"content":{"rendered":"<section id=\"wp-block-themeisle-blocks-advanced-columns-9f8848a6\" class=\"wp-block-themeisle-blocks-advanced-columns alignfull has-2-columns has-desktop-equal-layout has-tablet-equal-layout has-mobile-collapsedRows-layout has-vertical-center\"><div class=\"wp-block-themeisle-blocks-advanced-columns-overlay\"><\/div><div class=\"innerblocks-wrap\">\n<div id=\"wp-block-themeisle-blocks-advanced-column-cedf80ca\" class=\"wp-block-themeisle-blocks-advanced-column\">\n<h1 id=\"wp-block-themeisle-blocks-advanced-heading-ddc7a054\" class=\"wp-block-themeisle-blocks-advanced-heading wp-block-themeisle-blocks-advanced-heading-ddc7a054\">FAQs<\/h1>\n\n\n\n<div style=\"height:20px\" aria-hidden=\"true\" class=\"wp-block-spacer\"><\/div>\n<\/div>\n\n\n\n<div id=\"wp-block-themeisle-blocks-advanced-column-48eed1bc\" class=\"wp-block-themeisle-blocks-advanced-column\"><\/div>\n<\/div><\/section>\n\n\n\n<div class=\"wp-block-columns is-layout-flex wp-container-core-columns-is-layout-9d6595d7 wp-block-columns-is-layout-flex\">\n<div class=\"wp-block-column is-layout-flow wp-block-column-is-layout-flow\">\n<div id=\"wp-block-themeisle-blocks-accordion-4c8a3ccb\" class=\"wp-block-themeisle-blocks-accordion\">\n<details class=\"wp-block-themeisle-blocks-accordion-item\"><summary class=\"wp-block-themeisle-blocks-accordion-item__title\"><div>What is Open Americas?<\/div><\/summary><div class=\"wp-block-themeisle-blocks-accordion-item__content\">\n<p><em>Abrelatam-ConDatos and the Regional Meeting of the Open Government Partnership will be combined into a single event and comprehensive space: Open America. This face-to-face event of diverse communities will allow us to connect actors in the opening space to work together for a more open, democratic and sustainable America.<\/em><\/p>\n<\/div><\/details>\n<\/div>\n\n\n\n<div id=\"wp-block-themeisle-blocks-accordion-aab75cfd\" class=\"wp-block-themeisle-blocks-accordion\">\n<details class=\"wp-block-themeisle-blocks-accordion-item\"><summary class=\"wp-block-themeisle-blocks-accordion-item__title\"><div>What are the dates of Open Americas?<\/div><\/summary><div class=\"wp-block-themeisle-blocks-accordion-item__content\">\n<p><em>The event will take place from September 26 to 29, 2022 in Santo Domingo, Dominican Republic.&nbsp;<\/em><\/p>\n<\/div><\/details>\n<\/div>\n\n\n\n<div id=\"wp-block-themeisle-blocks-accordion-75e1ce49\" class=\"wp-block-themeisle-blocks-accordion\">\n<details class=\"wp-block-themeisle-blocks-accordion-item\"><summary class=\"wp-block-themeisle-blocks-accordion-item__title\"><div>\u00bfQu\u00e9 precauciones contra COVID-19 debo tomar?<\/div><\/summary><div class=\"wp-block-themeisle-blocks-accordion-item__content\">\n<p>Alentamos a las personas participantes a tomar precauciones mientras viajan o participan en el evento, lo que incluye hacerse la prueba de COVID-19 de antemano, mantener el distanciamiento social, usar desinfectante y usar una m\u00e1scara si te sientes m\u00e1s c\u00f3modo o c\u00f3moda.<\/p>\n<\/div><\/details>\n<\/div>\n\n\n\n<div id=\"wp-block-themeisle-blocks-accordion-616a32a6\" class=\"wp-block-themeisle-blocks-accordion\">\n<details class=\"wp-block-themeisle-blocks-accordion-item\"><summary class=\"wp-block-themeisle-blocks-accordion-item__title\"><div>Does this mean that there will be no Abrelatam-ConDatos?<\/div><\/summary><div class=\"wp-block-themeisle-blocks-accordion-item__content\">\n<p><em>Abrelatam-ConDatos is part of the agenda of this event, together with the Regional Meeting of the Alliance for Open Government.<\/em><\/p>\n<\/div><\/details>\n<\/div>\n\n\n\n<div id=\"wp-block-themeisle-blocks-accordion-14b4018f\" class=\"wp-block-themeisle-blocks-accordion\">\n<details class=\"wp-block-themeisle-blocks-accordion-item\"><summary class=\"wp-block-themeisle-blocks-accordion-item__title\"><div>What are the topics covered by the event?<\/div><\/summary><div class=\"wp-block-themeisle-blocks-accordion-item__content\">\n<ul class=\"wp-block-list\"><li><em>The event covers four fundamental opening pillars, each with topics of interest to the community.&nbsp;<\/em><\/li><\/ul>\n\n\n\n<figure class=\"wp-block-table\"><table><tbody><tr><td>Democratic Governance<\/td><td>Data and digital innovation<\/td><td>Anti-corruption<\/td><td>Sustainability<\/td><\/tr><tr><td>Right of access to information and transparency Open Parliaments, Open Justice Local governments Civic space \/ democratic freedoms National and local OGP processes Transparent elections Sustainable Development Goals Journalism and innovation Global forums: Summit for democracy, Summit of the Americas Risks of authoritarianism<\/td><td>Civic technology and technology for governance and developmentInnovation laboratoriesOpenness and use of data in the public sectorPrivacy and protection of personal dataUse of artificial intelligence to solve public problemsGovtech<\/td><td>Open data PIDA against corruptionOpen ContractingTransparency of final beneficiariesMoney and politicsBudget\/fiscal transparencyPublic ethics and integrity<\/td><td>Climate change and energy transitionTransparency in natural resourcesExtractive industriesData and innovation to meet sustainable development goalsEscaz\u00fa Agreement<\/td><\/tr><tr><td>Gender and inclusion (cross-cutting)<\/td><\/tr><\/tbody><\/table><\/figure>\n<\/div><\/details>\n<\/div>\n\n\n\n<div id=\"wp-block-themeisle-blocks-accordion-57f75c8c\" class=\"wp-block-themeisle-blocks-accordion\">\n<details class=\"wp-block-themeisle-blocks-accordion-item\"><summary class=\"wp-block-themeisle-blocks-accordion-item__title\"><div>How will the event agenda be designed?<\/div><\/summary><div class=\"wp-block-themeisle-blocks-accordion-item__content\">\n<p><em>Once the call for speakers has closed, the Organizing Committee, with the support of the Advisory Committee, will design the sessions according to the most proposed and priority topics on the open government and open data agenda, and will select groups of speakers, led by a facilitator person. For more information, <\/em><a href=\"https:\/\/www.opengovpartnership.org\/es\/events\/open-americas\/\"><em>check this page<\/em><\/a><em>.<\/em><\/p>\n<\/div><\/details>\n<\/div>\n<\/div>\n<\/div>\n\n\n\n<div id=\"wp-block-themeisle-blocks-accordion-8903e8d9\" class=\"wp-block-themeisle-blocks-accordion\">\n<details class=\"wp-block-themeisle-blocks-accordion-item\"><summary class=\"wp-block-themeisle-blocks-accordion-item__title\"><div>How can I contribute to the agenda?<\/div><\/summary><div class=\"wp-block-themeisle-blocks-accordion-item__content\">\n<p><em>You can send your proposal for speakers before June 24, 2022 through <\/em><a href=\"https:\/\/docs.google.com\/forms\/d\/e\/1FAIpQLSdG-e3J_jaTjlnFUwfzH0bq8Al_XM4UvRgl_BObOjvSPyn0VQ\/viewform\"><em>this formulary<\/em><\/a><em> in Spanish and this form in <\/em><a href=\"https:\/\/www.opengovpartnership.org\/events\/open-americas\/\"><em>English<\/em><\/a><em>.&nbsp;<\/em><\/p>\n<\/div><\/details>\n<\/div>\n\n\n\n<div id=\"wp-block-themeisle-blocks-accordion-5e6983fa\" class=\"wp-block-themeisle-blocks-accordion\">\n<details class=\"wp-block-themeisle-blocks-accordion-item\"><summary class=\"wp-block-themeisle-blocks-accordion-item__title\"><div>\u00bfC\u00f3mo me puedo inscribir para el evento? \u00a0<\/div><\/summary><div class=\"wp-block-themeisle-blocks-accordion-item__content\">\n<p><em>El registro al evento est\u00e1 cerrado.<\/em><\/p>\n<\/div><\/details>\n<\/div>\n\n\n\n<div id=\"wp-block-themeisle-blocks-accordion-151a7838\" class=\"wp-block-themeisle-blocks-accordion\">\n<details class=\"wp-block-themeisle-blocks-accordion-item\"><summary class=\"wp-block-themeisle-blocks-accordion-item__title\"><div>What is the cost of registration?<\/div><\/summary><div class=\"wp-block-themeisle-blocks-accordion-item__content\">\n<p><em>The event is free for those who want to participate. However, the participants are responsible for their expenses including travel and lodging.&nbsp;<\/em><\/p>\n<\/div><\/details>\n<\/div>\n\n\n\n<div id=\"wp-block-themeisle-blocks-accordion-0f0d7b07\" class=\"wp-block-themeisle-blocks-accordion\">\n<details class=\"wp-block-themeisle-blocks-accordion-item\"><summary class=\"wp-block-themeisle-blocks-accordion-item__title\"><div>Do I have to register for the event even if I have pre-registered or submitted a proposal for speakers?<\/div><\/summary><div class=\"wp-block-themeisle-blocks-accordion-item__content\">\n<p><em>S\u00ed, todas las personas que quieran participar en el evento tienen que inscribirse, aunque sean ponentes, hayan enviado con anterioridad una propuesta para la agenda o se hayan preinscr<span style=\"text-decoration: underline;\">ito.\u00a0El registro para el evento est\u00e1 cerrado. <\/span><\/em><\/p>\n<\/div><\/details>\n<\/div>\n\n\n\n<div id=\"wp-block-themeisle-blocks-accordion-2d55cdea\" class=\"wp-block-themeisle-blocks-accordion\">\n<details class=\"wp-block-themeisle-blocks-accordion-item\"><summary class=\"wp-block-themeisle-blocks-accordion-item__title\"><div>\u00bfEs necesario acreditarse el d\u00eda del evento para ingresar?<\/div><\/summary><div class=\"wp-block-themeisle-blocks-accordion-item__content\">\n<p><em>S\u00ed, la credencial\/gafete es requisito para participar en el evento. Podr\u00e1s retirarlo los d\u00edas<\/em> <\/p>\n\n\n\n<ul class=\"wp-block-list\"><li><em>Jueves 22 y viernes 23 de septiembre en el Ministerio de Relaciones Exteriores en Santo Domingo.&nbsp;<\/em><\/li><li><em>Domingo 25 a partir de las 9:00 AM hasta las 6:00 PM en el Hotel El Embajador.&nbsp;<\/em><\/li><li><em>Lunes 26 a mi\u00e9rcoles 28 a partir de las 8:00 AM hasta las 6:00 PM en el Hotel El Embajador.<\/em><\/li><\/ul>\n<\/div><\/details>\n<\/div>\n\n\n\n<div id=\"wp-block-themeisle-blocks-accordion-c622f499\" class=\"wp-block-themeisle-blocks-accordion\">\n<details class=\"wp-block-themeisle-blocks-accordion-item\"><summary class=\"wp-block-themeisle-blocks-accordion-item__title\"><div>Will I be able to participate in the event virtually?\u00a0<\/div><\/summary><div class=\"wp-block-themeisle-blocks-accordion-item__content\">\n<p><em>No. This event is completely face-to-face although some sessions will be broadcast by <\/em><a href=\"https:\/\/www.youtube.com\/user\/OpenGovPart\"><em>this youtube channel<\/em><\/a><em>.&nbsp;<\/em><\/p>\n<\/div><\/details>\n<\/div>\n\n\n\n<div id=\"wp-block-themeisle-blocks-accordion-b73578bb\" class=\"wp-block-themeisle-blocks-accordion\">\n<details class=\"wp-block-themeisle-blocks-accordion-item\"><summary class=\"wp-block-themeisle-blocks-accordion-item__title\"><div>\u00bfCu\u00e1l es el c\u00f3digo de vestimenta para el evento?<\/div><\/summary><div class=\"wp-block-themeisle-blocks-accordion-item__content\">\n<p><em>Se recomienda vestimenta laboral casual\/business casual.<\/em><\/p>\n<\/div><\/details>\n<\/div>\n\n\n\n<div id=\"wp-block-themeisle-blocks-accordion-aaa48593\" class=\"wp-block-themeisle-blocks-accordion\">\n<details class=\"wp-block-themeisle-blocks-accordion-item\"><summary class=\"wp-block-themeisle-blocks-accordion-item__title\"><div>\u00bfSe proveer\u00e1 comida en el evento?<\/div><\/summary><div class=\"wp-block-themeisle-blocks-accordion-item__content\">\n<p><em>S\u00ed. Habr\u00e1 caf\u00e9 por las ma\u00f1anas y tardes y almuerzo a las horas establecidas. <\/em><\/p>\n<\/div><\/details>\n<\/div>\n\n\n\n<div id=\"wp-block-themeisle-blocks-accordion-8af64c96\" class=\"wp-block-themeisle-blocks-accordion\">\n<details class=\"wp-block-themeisle-blocks-accordion-item\"><summary class=\"wp-block-themeisle-blocks-accordion-item__title\"><div>Who can I contact if I have questions about the event?\u00a0<\/div><\/summary><div class=\"wp-block-themeisle-blocks-accordion-item__content\">\n<p><em>For any questions, please contact americaabierta@opengovpartnership.org<\/em><\/p>\n<\/div><\/details>\n<\/div>\n\n\n\n<div id=\"wp-block-themeisle-blocks-accordion-0bae216c\" class=\"wp-block-themeisle-blocks-accordion\">\n<details class=\"wp-block-themeisle-blocks-accordion-item\"><summary class=\"wp-block-themeisle-blocks-accordion-item__title\"><div>Will there be translation for some sessions?<\/div><\/summary><div class=\"wp-block-themeisle-blocks-accordion-item__content\">\n<p><em>All sessions will be primarily in Spanish. There will be some selected sessions that will have translation from Spanish to English.&nbsp;<\/em><\/p>\n\n\n\n<p><em>All sessions will be primarily in Spanish. There will be some selected sessions that will have translation from Spanish to English.&nbsp;<\/em><\/p>\n<\/div><\/details>\n<\/div>\n\n\n\n<p><\/p>","protected":false},"excerpt":{"rendered":"","protected":false},"author":2,"featured_media":0,"parent":0,"menu_order":0,"comment_status":"closed","ping_status":"closed","template":"","meta":{"neve_meta_sidebar":"","neve_meta_container":"","neve_meta_enable_content_width":"","neve_meta_content_width":0,"neve_meta_title_alignment":"","neve_meta_author_avatar":"","neve_post_elements_order":"","neve_meta_disable_header":"","neve_meta_disable_footer":"","neve_meta_disable_title":"on","_themeisle_gutenberg_block_has_review":false,"footnotes":""},"class_list":["post-372","page","type-page","status-publish","hentry"],"_links":{"self":[{"href":"https:\/\/2022.americaabierta.org\/en\/wp-json\/wp\/v2\/pages\/372","targetHints":{"allow":["GET"]}}],"collection":[{"href":"https:\/\/2022.americaabierta.org\/en\/wp-json\/wp\/v2\/pages"}],"about":[{"href":"https:\/\/2022.americaabierta.org\/en\/wp-json\/wp\/v2\/types\/page"}],"author":[{"embeddable":true,"href":"https:\/\/2022.americaabierta.org\/en\/wp-json\/wp\/v2\/users\/2"}],"replies":[{"embeddable":true,"href":"https:\/\/2022.americaabierta.org\/en\/wp-json\/wp\/v2\/comments?post=372"}],"version-history":[{"count":15,"href":"https:\/\/2022.americaabierta.org\/en\/wp-json\/wp\/v2\/pages\/372\/revisions"}],"predecessor-version":[{"id":894,"href":"https:\/\/2022.americaabierta.org\/en\/wp-json\/wp\/v2\/pages\/372\/revisions\/894"}],"wp:attachment":[{"href":"https:\/\/2022.americaabierta.org\/en\/wp-json\/wp\/v2\/media?parent=372"}],"curies":[{"name":"wp","href":"https:\/\/api.w.org\/{rel}","templated":true}]}}