{"id":369,"date":"2022-05-25T00:18:41","date_gmt":"2022-05-25T00:18:41","guid":{"rendered":"https:\/\/americaabierta.org\/?page_id=369"},"modified":"2022-09-14T20:28:56","modified_gmt":"2022-09-14T20:28:56","slug":"ubicacion","status":"publish","type":"page","link":"https:\/\/2022.americaabierta.org\/en\/ubicacion\/","title":{"rendered":"Location"},"content":{"rendered":"<section id=\"wp-block-themeisle-blocks-advanced-columns-9f8848a6\" class=\"wp-block-themeisle-blocks-advanced-columns alignfull has-2-columns has-desktop-equal-layout has-tablet-equal-layout has-mobile-collapsedRows-layout has-vertical-center\"><div class=\"wp-block-themeisle-blocks-advanced-columns-overlay\"><\/div><div class=\"innerblocks-wrap\">\n<div id=\"wp-block-themeisle-blocks-advanced-column-cedf80ca\" class=\"wp-block-themeisle-blocks-advanced-column\">\n<h1 id=\"wp-block-themeisle-blocks-advanced-heading-ddc7a054\" class=\"wp-block-themeisle-blocks-advanced-heading wp-block-themeisle-blocks-advanced-heading-ddc7a054\">LOCATION AND VENUE OF THE EVENT<\/h1>\n<\/div>\n\n\n\n<div id=\"wp-block-themeisle-blocks-advanced-column-48eed1bc\" class=\"wp-block-themeisle-blocks-advanced-column\"><\/div>\n<\/div><\/section>\n\n\n\n<div style=\"height:51px\" aria-hidden=\"true\" class=\"wp-block-spacer\"><\/div>\n\n\n\n<div class=\"wp-block-columns has-neve-text-color-background-color has-background is-layout-flex wp-container-core-columns-is-layout-9d6595d7 wp-block-columns-is-layout-flex\">\n<div class=\"wp-block-column is-vertically-aligned-center is-layout-flow wp-block-column-is-layout-flow\">\n<iframe src=\"https:\/\/www.google.com\/maps\/embed?pb=!1m18!1m12!1m3!1d3784.635694274596!2d-69.93563028476895!3d18.454842875996917!2m3!1f0!2f0!3f0!3m2!1i1024!2i768!4f13.1!3m3!1m2!1s0x8ea5620cfeaf71a9%3A0x2bf176b790c001bf!2sEl%20Embajador%2C%20a%20Royal%20Hideaway%20Hotel!5e0!3m2!1ses!2scr!4v1660237337168!5m2!1ses!2scr\" width=\"450\" height=\"450\" style=\"border:0;\" allowfullscreen=\"\" loading=\"lazy\" referrerpolicy=\"no-referrer-when-downgrade\"><\/iframe>\n<\/div>\n\n\n\n<div class=\"wp-block-column is-layout-flow wp-block-column-is-layout-flow\"><div class=\"wp-block-image\">\n<figure class=\"aligncenter size-large\"><img loading=\"lazy\" decoding=\"async\" width=\"1024\" height=\"1024\" src=\"https:\/\/americaabierta.org\/wp-content\/uploads\/2022\/06\/Elementos-1-2_Mesa-de-trabajo-1-1024x1024.png\" alt=\"\" class=\"wp-image-652\" srcset=\"https:\/\/2022.americaabierta.org\/wp-content\/uploads\/2022\/06\/Elementos-1-2_Mesa-de-trabajo-1-1024x1024.png 1024w, https:\/\/2022.americaabierta.org\/wp-content\/uploads\/2022\/06\/Elementos-1-2_Mesa-de-trabajo-1-150x150.png 150w, https:\/\/2022.americaabierta.org\/wp-content\/uploads\/2022\/06\/Elementos-1-2_Mesa-de-trabajo-1-300x300.png 300w, https:\/\/2022.americaabierta.org\/wp-content\/uploads\/2022\/06\/Elementos-1-2_Mesa-de-trabajo-1-768x768.png 768w, https:\/\/2022.americaabierta.org\/wp-content\/uploads\/2022\/06\/Elementos-1-2_Mesa-de-trabajo-1.png 1080w\" sizes=\"auto, (max-width: 1024px) 100vw, 1024px\" \/><\/figure>\n<\/div><\/div>\n<\/div>\n\n\n\n<div style=\"height:50px\" aria-hidden=\"true\" class=\"wp-block-spacer\"><\/div>\n\n\n\n<p class=\"has-medium-font-size\"><strong>VENUE OF THE EVENT<\/strong><\/p>\n\n\n\n<p>Am\u00e9rica Abierta will be held at the <strong>El Embajador Hotel<\/strong> located in: <\/p>\n\n\n\n<p><em>Avenida Sarasota 65\u00a0Ensanche Bella Vista\u00a010110&nbsp;<br>Santo Domingo, Rep\u00fablica Dominicana <\/em><\/p>\n\n\n\n<p>Recomendamos que todas las personas participantes recojan sus credenciales antes de los d\u00edas del evento. Para ello ofrecemos las siguientes opciones:&nbsp;<\/p>\n\n\n\n<ul class=\"wp-block-list\"><li>Jueves 22 y viernes 23 de septiembre en el Ministerio de Relaciones Exteriores en Santo Domingo (Ave. Independencia No. 752, Estancia San Ger\u00f3nimo) de 8:30 am a 6:00 pm.<\/li><\/ul>\n\n\n\n<ul class=\"wp-block-list\"><li>Domingo 25 a partir de las 9:00 AM hasta las 6:00 PM en el Hotel El Embajador.&nbsp;<\/li><\/ul>\n\n\n\n<ul class=\"wp-block-list\"><li>Lunes 26 a mi\u00e9rcoles 28 a partir de las 8:00 AM hasta las 6:00 PM en el Hotel El Embajador.<\/li><\/ul>\n\n\n\n<p class=\"has-medium-font-size\"><strong>LODGING<\/strong><\/p>\n\n\n\n<p>If you want to stay at Hotel El Embajador, you can do <a href=\"https:\/\/tinyurl.com\/2v7mk94h\"><strong>your reservation here<\/strong><\/a> and don't forget to use the code <strong>AmAbierta22 <\/strong>to get an event discount. <\/p>\n\n\n\n<p>You can also stay at the hotel <a href=\"https:\/\/www.palladiumhotelgroup.com\/es\/hoteles\/republicadominicana\/santo-domingo\/dominican-fiesta-hotel?utm_source=mybusiness&amp;utm_medium=organic&amp;utm_campaign=MK_TT_dominican&amp;y_source=1_MTUwOTA5NDUtNzE1LWxvY2F0aW9uLndlYnNpdGU3D\"><strong>Dominican Fiesta Hotel &amp; Casino<\/strong>,<\/a> which offers special rates for participants of Am\u00e9rica Abierta, as well as transportation to and from the venue of the event. Check the hotel rates for the Dominican Fiesta Hotel &amp; Casino in the table below.<\/p>\n\n\n\n<figure class=\"wp-block-table aligncenter\"><table><tbody><tr><td><strong>Description<\/strong><\/td><td><strong>Single or Double<\/strong><\/td><td><strong>Triple (3 PAX)<\/strong><\/td><\/tr><tr><td>Deluxe room<\/td><td>US$ 89.60<\/td><td>US$ 115.20<\/td><\/tr><tr><td>Executive Room<\/td><td>US$ 102.40<\/td><td>N\/A<\/td><\/tr><\/tbody><\/table><figcaption>Para reservar en el hotel Dominican Fiesta, contactar a Desir\u00e9e Jim\u00e9nez.<br>Tel: 809 562 8222 Ext. 7013 M\u00f3vil: 829-257-5547 Fax: 809-482-8959<br>ventas.dominican@palladiumhotelgroup.com<\/figcaption><\/figure>\n\n\n\n<p class=\"has-medium-font-size\"><strong>VISAS AND REQUIREMENTS TO TRAVEL<\/strong><\/p>\n\n\n\n<p>All those who travel to the Dominican Republic must have a valid passport for <strong>a minimum of 6 months,<\/strong> and complete the migration form: <a href=\"https:\/\/eticket.migracion.gob.do\/\">https:\/\/eticket.migracion.gob.do\/<\/a><\/p>\n\n\n\n<p>To check if a visa is required to enter the Dominican Republic, please use&nbsp; <a href=\"https:\/\/mirex.gob.do\/consulta-de-requisitos-para-extranjeros-ingresar-a-la-republica-dominicana\/\">this tool<\/a> on the official website of the Ministry of Foreign Affairs.<\/p>\n\n\n\n<p>From the American continent, a visa is necessary for citizens of Cuba, Haiti and Venezuela. People who have a valid American visa, regardless of category, are exempt from this requirement.&nbsp;&nbsp;<\/p>\n\n\n\n<p>The government of the Dominican Republic offers a facilitated visa application process for confirmed and confirmed participants and speakers. These people will be able to apply for a \u201ctourist visa\u201d. To do so, they must send <a href=\"mailto:jkair@mirex.gob.do\">jkair@mirex.gob.do<\/a> and nbasilis@mirex.gob.do, the following information:&nbsp;<\/p>\n\n\n\n<ul class=\"wp-block-list\"><li> Invitation letter to the event<\/li><li>Copy of your Passport<\/li><li><a href=\"https:\/\/mirex.gob.do\/pdf\/formularios\/Formulario_Solicitud_Visado.pdf\">&nbsp;Application form<\/a><\/li><\/ul>\n\n\n\n<p>The deadline for receiving these documents is <strong>August 31, 2022.<\/strong> The visa obtained will only be valid for <strong>60 days, and will have a single entry to the country<\/strong>. Alternatively or in case the date has passed, they may apply for a visa following the regular process specified <a href=\"https:\/\/mirex.gob.do\/visas\/\">here<\/a>. For any questions related to the subject, you can contact: dtg@digeig.gob.do<\/p>\n\n\n\n<div id=\"wp-block-themeisle-blocks-accordion-60668303\" class=\"wp-block-themeisle-blocks-accordion\">\n<details class=\"wp-block-themeisle-blocks-accordion-item\"><summary class=\"wp-block-themeisle-blocks-accordion-item__title\"><div><em>Recomendaciones sobre COVID-19<\/em> <em>y el evento<\/em><\/div><\/summary><div class=\"wp-block-themeisle-blocks-accordion-item__content\">\n<p>A medida que volvemos a los eventos en persona, OGP reconoce que COVID-19 sigue siendo un riesgo. Nos tomamos muy en serio la salud y la seguridad de nuestras personas participantes y nos comprometemos a seguir las pautas nacionales del pa\u00eds anfitri\u00f3n durante todo el evento. Las pautas se actualizan regularmente aqu\u00ed.<\/p>\n\n\n\n<p>Adem\u00e1s, OGP alienta a las personas participantes a hacerse la prueba de COVID-19 antes de su viaje y\/o del evento para garantizar la seguridad de todas y todos los presentes. No asistas si tienes alg\u00fan s\u00edntoma o si das positivo por COVID-19 dentro de los 10 d\u00edas anteriores al evento. Recomendamos mantener la distancia y el uso de desinfectante, as\u00ed como el uso de una m\u00e1scara si te sientes m\u00e1s c\u00f3modo o c\u00f3moda.<\/p>\n\n\n\n<p>Como parte de la construcci\u00f3n de la seguridad y la responsabilidad de la comunidad, te alentamos a que te comuniques con nosotros sobre cualquier inquietud o s\u00edntomas que tengas &nbsp;y nos aseguraremos de que recibas el apoyo necesario. Si te enfermas durante el evento, notifica a un miembro del personal organizador en el lugar o env\u00eda un correo electr\u00f3nico a <a href=\"mailto:americaabierta@opengovpartnership.org\">americaabierta@opengovpartnership.org<\/a>&nbsp;<\/p>\n<\/div><\/details>\n<\/div>\n\n\n\n<div id=\"wp-block-themeisle-blocks-accordion-472ffde6\" class=\"wp-block-themeisle-blocks-accordion\">\n<details class=\"wp-block-themeisle-blocks-accordion-item\"><summary class=\"wp-block-themeisle-blocks-accordion-item__title\"><div><em>Information about the Coronavirus (COVID-19)<\/em><\/div><\/summary><div class=\"wp-block-themeisle-blocks-accordion-item__content\">\n<p><em>From April 23, 2022, all passengers and crew members do not need to present the COVID-19 vaccination card, or PCR or antigen tests to enter the Dominican Republic or to enter the tourist centers, in any establishment or to receive services, such as excursions.<\/em><a href=\"https:\/\/www.godominicanrepublic.com\/es\/prensa\/coronavirus\/#:~:text=PasaportesTodociudadanoextranjeroque,31dejuliode2022\"><em> <\/em><em>More information on COVID-19<\/em><\/a><em>.<\/em><\/p>\n\n\n\n<p><em>Por favor, consulta las medidas establecidas por su aerol\u00ednea para conocer los protocolos espec\u00edficos a la hora de abordar el avi\u00f3n.<\/em><\/p>\n\n\n\n<p><em>Rep\u00fablica Dominicana requiere que aquellas personas que tengan COVID-19, se aislen por siete d\u00edas.<\/em> <em>Luego de esos siete d\u00edas, no se requiere un examen negativo para resumir actividades normalmente.<\/em><\/p>\n\n\n\n<p><em>Para conocer m\u00e1s sobre los documentos necesarios para ir a la Rep\u00fablica Dominicana, consulta las siguientes fuentes de informaci\u00f3n:<\/em><\/p>\n\n\n\n<p class=\"has-neve-text-color-color has-text-color\"><a href=\"https:\/\/www.godominicanrepublic.com\/es\/faq-items\/que-documentos-necesito-para-ir-a-republica-dominicana\/\"><em>What documents do I need to go to the Dominican Republic? \u2013 GoDominicanRepublic.com<\/em><\/a><\/p>\n\n\n\n<p><a href=\"https:\/\/www.godominicanrepublic.com\/es\/travel-to-dr\/como-llegar\/\"><em>How to Get There \u2013 GoDominicanRepublic.com<\/em><\/a><\/p>\n\n\n\n<p><a href=\"https:\/\/www.godominicanrepublic.com\/es\/travel-to-dr\/preguntas-frecuentes\/\"><em>Frequently Asked Questions \u2013 GoDominicanRepublic.com<\/em><\/a><\/p>\n\n\n\n<p><a href=\"https:\/\/viajerodigital.mitur.gob.do\/\"><em>E-TICKET Rep\u00fablica Dominicana \u2013 E-TICKET Rep\u00fablica Dominicana (mitur.gob.do)<\/em><\/a><\/p>\n<\/div><\/details>\n<\/div>\n\n\n\n<div id=\"wp-block-themeisle-blocks-accordion-af52691e\" class=\"wp-block-themeisle-blocks-accordion\">\n<details class=\"wp-block-themeisle-blocks-accordion-item\"><summary class=\"wp-block-themeisle-blocks-accordion-item__title\"><div><\/div><\/summary><div class=\"wp-block-themeisle-blocks-accordion-item__content\">\n<p><\/p>\n<\/div><\/details>\n<\/div>\n\n\n\n<div id=\"wp-block-themeisle-blocks-accordion-7a329fad\" class=\"wp-block-themeisle-blocks-accordion\">\n<details class=\"wp-block-themeisle-blocks-accordion-item\"><summary class=\"wp-block-themeisle-blocks-accordion-item__title\"><div><em>COVID-19 tests to return to the country<\/em><\/div><\/summary><div class=\"wp-block-themeisle-blocks-accordion-item__content\">\n<p><em>The Dominican Republic has authorized laboratories to carry out COVID-19 tests for travel purposes. Please take into account verifying the type of viral test required by the country of destination (PCR, antigen or antibodies) and the time in advance with which it must be performed (48, 72 or 96 hours).<\/em><\/p>\n\n\n\n<p><em>You can visit one of the following labs to get tested: <\/em><a href=\"https:\/\/www.godominicanrepublic.com\/es\/faq-items\/donde-puedo-hacerme-una-prueba-pcr-con-resultados-de-48-a-72-horas-antes-del-viaje-de-regreso-a-mi-pais\/\"><em>WHERE CAN I GET A COVID-19 TEST TO TRAVEL BACK TO MY COUNTRY?<\/em><\/a><\/p>\n\n\n\n<p><em>This may be subject to change.<\/em><\/p>\n\n\n\n<p><em>Si sentiste s\u00edntomas durante tu vuelo a la Rep\u00fablica Dominicana, por favor preguntar al personal de seguridad del aeropuerto si disponen de operativos para pruebas de COVID-19 dentro de las instalaciones antes de trasladarse a uno de los centros autorizados.<\/em><\/p>\n<\/div><\/details>\n<\/div>\n\n\n\n<div style=\"height:50px\" aria-hidden=\"true\" class=\"wp-block-spacer\"><\/div>","protected":false},"excerpt":{"rendered":"<p>SEDE DEL EVENTO Am\u00e9rica Abierta se llevar\u00e1 a cabo en el Hotel El Embajador ubicado en: Avenida Sarasota 65&nbsp;Ensanche Bella Vista&nbsp;10110&nbsp;Santo Domingo, Rep\u00fablica Dominicana Recomendamos que todas las personas participantes recojan sus credenciales antes de los d\u00edas del evento. Para ello ofrecemos las siguientes opciones:&nbsp; Jueves 22 y viernes 23 de septiembre en el Ministerio&hellip;&nbsp;<a href=\"https:\/\/2022.americaabierta.org\/en\/ubicacion\/\" rel=\"bookmark\">Read More &raquo;<span class=\"screen-reader-text\">Location<\/span><\/a><\/p>","protected":false},"author":2,"featured_media":625,"parent":0,"menu_order":0,"comment_status":"closed","ping_status":"closed","template":"","meta":{"neve_meta_sidebar":"","neve_meta_container":"","neve_meta_enable_content_width":"","neve_meta_content_width":0,"neve_meta_title_alignment":"","neve_meta_author_avatar":"","neve_post_elements_order":"","neve_meta_disable_header":"","neve_meta_disable_footer":"","neve_meta_disable_title":"on","_themeisle_gutenberg_block_has_review":false,"footnotes":""},"class_list":["post-369","page","type-page","status-publish","has-post-thumbnail","hentry"],"_links":{"self":[{"href":"https:\/\/2022.americaabierta.org\/en\/wp-json\/wp\/v2\/pages\/369","targetHints":{"allow":["GET"]}}],"collection":[{"href":"https:\/\/2022.americaabierta.org\/en\/wp-json\/wp\/v2\/pages"}],"about":[{"href":"https:\/\/2022.americaabierta.org\/en\/wp-json\/wp\/v2\/types\/page"}],"author":[{"embeddable":true,"href":"https:\/\/2022.americaabierta.org\/en\/wp-json\/wp\/v2\/users\/2"}],"replies":[{"embeddable":true,"href":"https:\/\/2022.americaabierta.org\/en\/wp-json\/wp\/v2\/comments?post=369"}],"version-history":[{"count":38,"href":"https:\/\/2022.americaabierta.org\/en\/wp-json\/wp\/v2\/pages\/369\/revisions"}],"predecessor-version":[{"id":883,"href":"https:\/\/2022.americaabierta.org\/en\/wp-json\/wp\/v2\/pages\/369\/revisions\/883"}],"wp:featuredmedia":[{"embeddable":true,"href":"https:\/\/2022.americaabierta.org\/en\/wp-json\/wp\/v2\/media\/625"}],"wp:attachment":[{"href":"https:\/\/2022.americaabierta.org\/en\/wp-json\/wp\/v2\/media?parent=369"}],"curies":[{"name":"wp","href":"https:\/\/api.w.org\/{rel}","templated":true}]}}