{"id":308,"date":"2020-01-13T11:17:52","date_gmt":"2020-01-13T11:17:52","guid":{"rendered":"https:\/\/demosites.io\/web-agency-gb\/?page_id=5"},"modified":"2022-09-29T13:10:31","modified_gmt":"2022-09-29T13:10:31","slug":"inicio","status":"publish","type":"page","link":"https:\/\/2022.americaabierta.org\/en\/","title":{"rendered":"Home"},"content":{"rendered":"<div class=\"wp-block-cover alignfull\" style=\"min-height:700px;aspect-ratio:unset;\"><span aria-hidden=\"true\" class=\"wp-block-cover__background has-background-dim-0 has-background-dim\"><\/span><img loading=\"lazy\" decoding=\"async\" width=\"4000\" height=\"2250\" class=\"wp-block-cover__image-background wp-image-392\" alt=\"\" src=\"https:\/\/americaabierta.org\/wp-content\/uploads\/2022\/05\/Web-fondo_Mesa-de-trabajo-1.png\" style=\"object-position:35% 100%\" data-object-fit=\"cover\" data-object-position=\"35% 100%\" srcset=\"https:\/\/2022.americaabierta.org\/wp-content\/uploads\/2022\/05\/Web-fondo_Mesa-de-trabajo-1.png 4000w, https:\/\/2022.americaabierta.org\/wp-content\/uploads\/2022\/05\/Web-fondo_Mesa-de-trabajo-1-300x169.png 300w, https:\/\/2022.americaabierta.org\/wp-content\/uploads\/2022\/05\/Web-fondo_Mesa-de-trabajo-1-768x432.png 768w, https:\/\/2022.americaabierta.org\/wp-content\/uploads\/2022\/05\/Web-fondo_Mesa-de-trabajo-1-1024x576.png 1024w, https:\/\/2022.americaabierta.org\/wp-content\/uploads\/2022\/05\/Web-fondo_Mesa-de-trabajo-1-1536x864.png 1536w, https:\/\/2022.americaabierta.org\/wp-content\/uploads\/2022\/05\/Web-fondo_Mesa-de-trabajo-1-2048x1152.png 2048w\" sizes=\"auto, (max-width: 4000px) 100vw, 4000px\" \/><div class=\"wp-block-cover__inner-container is-layout-flow wp-block-cover-is-layout-flow\">\n<div style=\"height:50px\" aria-hidden=\"true\" class=\"wp-block-spacer\"><\/div>\n\n\n\n<h1 class=\"has-text-align-center has-nv-light-bg-color has-text-color wp-block-heading\">OPEN AMERICAS<\/h1>\n\n\n\n<p class=\"has-text-align-center has-neve-link-hover-color-color has-text-color\" style=\"font-size:17px\"><strong>MONDAY 26 TO THURSDAY 29 SEPTEMBER 2022<\/strong><\/p>\n\n\n\n<div class=\"wp-block-buttons is-horizontal is-content-justification-center is-layout-flex wp-container-core-buttons-is-layout-499968f5 wp-block-buttons-is-layout-flex\"><\/div>\n\n\n<div class=\"wp-block-image\">\n<figure class=\"aligncenter size-large\"><img loading=\"lazy\" decoding=\"async\" width=\"1024\" height=\"225\" src=\"https:\/\/americaabierta.org\/wp-content\/uploads\/2022\/06\/logos-nuevos-1024x225.png\" alt=\"\" class=\"wp-image-582\" srcset=\"https:\/\/2022.americaabierta.org\/wp-content\/uploads\/2022\/06\/logos-nuevos-1024x225.png 1024w, https:\/\/2022.americaabierta.org\/wp-content\/uploads\/2022\/06\/logos-nuevos-300x66.png 300w, https:\/\/2022.americaabierta.org\/wp-content\/uploads\/2022\/06\/logos-nuevos-768x169.png 768w, https:\/\/2022.americaabierta.org\/wp-content\/uploads\/2022\/06\/logos-nuevos.png 1366w\" sizes=\"auto, (max-width: 1024px) 100vw, 1024px\" \/><\/figure>\n<\/div><\/div><\/div>\n\n\n\n<p class=\"has-text-align-center\"><strong>El registro de este evento se cerr\u00f3 el 12 de septiembre, 2022.<\/strong><br><strong>Disfruta el evento en la transmisi\u00f3n abajo en ingl\u00e9s y espa\u00f1ol. <\/strong><\/p>\n\n\n\n<div style=\"height:36px\" aria-hidden=\"true\" class=\"wp-block-spacer\"><\/div>\n\n\n\n<div class=\"wp-block-columns is-layout-flex wp-container-core-columns-is-layout-9d6595d7 wp-block-columns-is-layout-flex\">\n<div class=\"wp-block-column is-layout-flow wp-block-column-is-layout-flow\" style=\"flex-basis:25%\"><\/div>\n\n\n\n<div class=\"wp-block-column is-layout-flow wp-block-column-is-layout-flow\" style=\"flex-basis:50%\">\n<figure class=\"wp-block-image size-large\"><a href=\"https:\/\/americaabierta.org\/abrelatam-queremos-una-americaabierta-para-todas-las-personas\/\"><img loading=\"lazy\" decoding=\"async\" width=\"1024\" height=\"576\" src=\"https:\/\/americaabierta.org\/wp-content\/uploads\/2022\/09\/1_Mesa-de-trabajo-1-1024x576.png\" alt=\"\" class=\"wp-image-932\" srcset=\"https:\/\/2022.americaabierta.org\/wp-content\/uploads\/2022\/09\/1_Mesa-de-trabajo-1-1024x576.png 1024w, https:\/\/2022.americaabierta.org\/wp-content\/uploads\/2022\/09\/1_Mesa-de-trabajo-1-300x169.png 300w, https:\/\/2022.americaabierta.org\/wp-content\/uploads\/2022\/09\/1_Mesa-de-trabajo-1-768x432.png 768w, https:\/\/2022.americaabierta.org\/wp-content\/uploads\/2022\/09\/1_Mesa-de-trabajo-1-1536x864.png 1536w, https:\/\/2022.americaabierta.org\/wp-content\/uploads\/2022\/09\/1_Mesa-de-trabajo-1-2048x1151.png 2048w, https:\/\/2022.americaabierta.org\/wp-content\/uploads\/2022\/09\/1_Mesa-de-trabajo-1-18x10.png 18w\" sizes=\"auto, (max-width: 1024px) 100vw, 1024px\" \/><\/a><\/figure>\n\n\n\n<p class=\"has-text-align-center\"><a href=\"https:\/\/americaabierta.org\/abrelatam-queremos-una-americaabierta-para-todas-las-personas\/\">Leer declaratoria de Abrelatam ac\u00e1<\/a><\/p>\n<\/div>\n\n\n\n<div class=\"wp-block-column is-layout-flow wp-block-column-is-layout-flow\" style=\"flex-basis:25%\"><\/div>\n<\/div>\n\n\n\n<div class=\"wp-block-columns is-layout-flex wp-container-core-columns-is-layout-9d6595d7 wp-block-columns-is-layout-flex\">\n<div class=\"wp-block-column is-layout-flow wp-block-column-is-layout-flow\">\n<figure class=\"wp-block-embed is-type-video is-provider-youtube wp-block-embed-youtube wp-embed-aspect-16-9 wp-has-aspect-ratio\"><div class=\"wp-block-embed__wrapper\">\n<div class=\"nv-iframe-embed\"><iframe loading=\"lazy\" title=\"Am\u00e9rica Abierta: Abrelatam 2022\" width=\"1200\" height=\"675\" src=\"https:\/\/www.youtube.com\/embed\/L13qRSThnQ4?feature=oembed\" frameborder=\"0\" allow=\"accelerometer; autoplay; clipboard-write; encrypted-media; gyroscope; picture-in-picture; web-share\" referrerpolicy=\"strict-origin-when-cross-origin\" allowfullscreen><\/iframe><\/div>\n<\/div><\/figure>\n<\/div>\n\n\n\n<div class=\"wp-block-column is-layout-flow wp-block-column-is-layout-flow\">\n<figure class=\"wp-block-embed is-type-video is-provider-youtube wp-block-embed-youtube wp-embed-aspect-16-9 wp-has-aspect-ratio\"><div class=\"wp-block-embed__wrapper\">\n<div class=\"nv-iframe-embed\"><iframe loading=\"lazy\" title=\"Am\u00e9rica Abierta: Apertura\" width=\"1200\" height=\"675\" src=\"https:\/\/www.youtube.com\/embed\/-EIiDu1epfg?feature=oembed\" frameborder=\"0\" allow=\"accelerometer; autoplay; clipboard-write; encrypted-media; gyroscope; picture-in-picture; web-share\" referrerpolicy=\"strict-origin-when-cross-origin\" allowfullscreen><\/iframe><\/div>\n<\/div><\/figure>\n<\/div>\n<\/div>\n\n\n\n<div class=\"wp-block-columns is-layout-flex wp-container-core-columns-is-layout-9d6595d7 wp-block-columns-is-layout-flex\">\n<div class=\"wp-block-column is-layout-flow wp-block-column-is-layout-flow\"><div class=\"wp-block-image\">\n<figure class=\"aligncenter size-large\"><a href=\"https:\/\/www.instagram.com\/p\/Ci_qb3CBFgS\/\"><img loading=\"lazy\" decoding=\"async\" width=\"1024\" height=\"576\" src=\"https:\/\/americaabierta.org\/wp-content\/uploads\/2022\/09\/Sin-ti\u0301tulo-2_Mesa-de-trabajo-1-1024x576.png\" alt=\"\" class=\"wp-image-917\" srcset=\"https:\/\/2022.americaabierta.org\/wp-content\/uploads\/2022\/09\/Sin-ti\u0301tulo-2_Mesa-de-trabajo-1-1024x576.png 1024w, https:\/\/2022.americaabierta.org\/wp-content\/uploads\/2022\/09\/Sin-ti\u0301tulo-2_Mesa-de-trabajo-1-300x169.png 300w, https:\/\/2022.americaabierta.org\/wp-content\/uploads\/2022\/09\/Sin-ti\u0301tulo-2_Mesa-de-trabajo-1-768x432.png 768w, https:\/\/2022.americaabierta.org\/wp-content\/uploads\/2022\/09\/Sin-ti\u0301tulo-2_Mesa-de-trabajo-1-1536x864.png 1536w, https:\/\/2022.americaabierta.org\/wp-content\/uploads\/2022\/09\/Sin-ti\u0301tulo-2_Mesa-de-trabajo-1-2048x1151.png 2048w, https:\/\/2022.americaabierta.org\/wp-content\/uploads\/2022\/09\/Sin-ti\u0301tulo-2_Mesa-de-trabajo-1-18x10.png 18w\" sizes=\"auto, (max-width: 1024px) 100vw, 1024px\" \/><\/a><\/figure>\n<\/div>\n\n\n<p class=\"has-text-align-center has-medium-font-size\"><strong><a href=\"https:\/\/www.instagram.com\/p\/Ci_qb3CBFgS\/\">Ver actividades del d\u00eda 1<\/a><\/strong><\/p>\n<\/div>\n\n\n\n<div class=\"wp-block-column is-layout-flow wp-block-column-is-layout-flow\"><div class=\"wp-block-image\">\n<figure class=\"aligncenter size-large\"><a href=\"https:\/\/www.instagram.com\/p\/CjBJP8OrwWg\/\"><img loading=\"lazy\" decoding=\"async\" width=\"1024\" height=\"575\" src=\"https:\/\/americaabierta.org\/wp-content\/uploads\/2022\/09\/Sin-ti\u0301tulo-2-02-1024x575.png\" alt=\"\" class=\"wp-image-918\" srcset=\"https:\/\/2022.americaabierta.org\/wp-content\/uploads\/2022\/09\/Sin-ti\u0301tulo-2-02-1024x575.png 1024w, https:\/\/2022.americaabierta.org\/wp-content\/uploads\/2022\/09\/Sin-ti\u0301tulo-2-02-300x169.png 300w, https:\/\/2022.americaabierta.org\/wp-content\/uploads\/2022\/09\/Sin-ti\u0301tulo-2-02-768x432.png 768w, https:\/\/2022.americaabierta.org\/wp-content\/uploads\/2022\/09\/Sin-ti\u0301tulo-2-02-1536x863.png 1536w, https:\/\/2022.americaabierta.org\/wp-content\/uploads\/2022\/09\/Sin-ti\u0301tulo-2-02-2048x1151.png 2048w, https:\/\/2022.americaabierta.org\/wp-content\/uploads\/2022\/09\/Sin-ti\u0301tulo-2-02-18x10.png 18w\" sizes=\"auto, (max-width: 1024px) 100vw, 1024px\" \/><\/a><\/figure>\n<\/div>\n\n\n<p class=\"has-text-align-center has-medium-font-size\"><strong><a href=\"https:\/\/www.instagram.com\/p\/CjBJP8OrwWg\/\">Ver actividades del d\u00eda 2<\/a><\/strong><\/p>\n<\/div>\n\n\n\n<div class=\"wp-block-column is-layout-flow wp-block-column-is-layout-flow\"><div class=\"wp-block-image\">\n<figure class=\"aligncenter size-large\"><a href=\"https:\/\/www.instagram.com\/p\/CjCNqbJrNp5\/\"><img loading=\"lazy\" decoding=\"async\" width=\"1024\" height=\"576\" src=\"https:\/\/americaabierta.org\/wp-content\/uploads\/2022\/09\/Sin-ti\u0301tulo-2-03-1024x576.png\" alt=\"\" class=\"wp-image-919\" srcset=\"https:\/\/2022.americaabierta.org\/wp-content\/uploads\/2022\/09\/Sin-ti\u0301tulo-2-03-1024x576.png 1024w, https:\/\/2022.americaabierta.org\/wp-content\/uploads\/2022\/09\/Sin-ti\u0301tulo-2-03-300x169.png 300w, https:\/\/2022.americaabierta.org\/wp-content\/uploads\/2022\/09\/Sin-ti\u0301tulo-2-03-768x432.png 768w, https:\/\/2022.americaabierta.org\/wp-content\/uploads\/2022\/09\/Sin-ti\u0301tulo-2-03-1536x864.png 1536w, https:\/\/2022.americaabierta.org\/wp-content\/uploads\/2022\/09\/Sin-ti\u0301tulo-2-03-2048x1151.png 2048w, https:\/\/2022.americaabierta.org\/wp-content\/uploads\/2022\/09\/Sin-ti\u0301tulo-2-03-18x10.png 18w\" sizes=\"auto, (max-width: 1024px) 100vw, 1024px\" \/><\/a><\/figure>\n<\/div>\n\n\n<p class=\"has-text-align-center has-medium-font-size\"><strong><a href=\"https:\/\/www.instagram.com\/p\/CjCNqbJrNp5\/\">Ver actividades del d\u00eda 3<\/a><\/strong><\/p>\n<\/div>\n<\/div>\n\n\n\n<div class=\"wp-block-columns is-layout-flex wp-container-core-columns-is-layout-9d6595d7 wp-block-columns-is-layout-flex\">\n<div class=\"wp-block-column is-layout-flow wp-block-column-is-layout-flow\">\n<div class=\"wp-block-columns is-layout-flex wp-container-core-columns-is-layout-9d6595d7 wp-block-columns-is-layout-flex\">\n<div class=\"wp-block-column is-layout-flow wp-block-column-is-layout-flow\">\n<figure class=\"wp-block-embed is-type-video is-provider-youtube wp-block-embed-youtube wp-embed-aspect-4-3 wp-has-aspect-ratio\"><div class=\"wp-block-embed__wrapper\">\n<div class=\"nv-iframe-embed\"><iframe loading=\"lazy\" title=\"Am\u00e9rica Abierta - Livestream en espa\u00f1ol\" width=\"1200\" height=\"675\" src=\"https:\/\/www.youtube.com\/embed\/wexFl4cIZQs?feature=oembed\" frameborder=\"0\" allow=\"accelerometer; autoplay; clipboard-write; encrypted-media; gyroscope; picture-in-picture; web-share\" referrerpolicy=\"strict-origin-when-cross-origin\" allowfullscreen><\/iframe><\/div>\n<\/div><figcaption>Am\u00e9rica Abierta &#8211; Livestream en espa\u00f1ol<br><\/figcaption><\/figure>\n<\/div>\n\n\n\n<div class=\"wp-block-column is-layout-flow wp-block-column-is-layout-flow\">\n<figure class=\"wp-block-embed is-type-video is-provider-youtube wp-block-embed-youtube wp-embed-aspect-4-3 wp-has-aspect-ratio\"><div class=\"wp-block-embed__wrapper\">\n<div class=\"nv-iframe-embed\"><iframe loading=\"lazy\" title=\"Open Americas\/Am\u00e9rica Abierta - Livestream in English\" width=\"1200\" height=\"675\" src=\"https:\/\/www.youtube.com\/embed\/dB4AS7k7_Ro?feature=oembed\" frameborder=\"0\" allow=\"accelerometer; autoplay; clipboard-write; encrypted-media; gyroscope; picture-in-picture; web-share\" referrerpolicy=\"strict-origin-when-cross-origin\" allowfullscreen><\/iframe><\/div>\n<\/div><figcaption>Open Americas \/ Am\u00e9rica Abierta &#8211; Livestream in English<br><\/figcaption><\/figure>\n<\/div>\n<\/div>\n<\/div>\n<\/div>\n\n\n\n<div class=\"wp-block-columns is-layout-flex wp-container-core-columns-is-layout-9d6595d7 wp-block-columns-is-layout-flex\">\n<div class=\"wp-block-column is-layout-flow wp-block-column-is-layout-flow\">\n<figure class=\"wp-block-image size-large\"><a href=\"https:\/\/americaabierta.org\/acerca-de\/\"><img loading=\"lazy\" decoding=\"async\" width=\"1024\" height=\"683\" src=\"https:\/\/americaabierta.org\/wp-content\/uploads\/2022\/06\/22568884825_8416d86223_o-1-1024x683.jpg\" alt=\"\" class=\"wp-image-571\" srcset=\"https:\/\/2022.americaabierta.org\/wp-content\/uploads\/2022\/06\/22568884825_8416d86223_o-1-1024x683.jpg 1024w, https:\/\/2022.americaabierta.org\/wp-content\/uploads\/2022\/06\/22568884825_8416d86223_o-1-300x200.jpg 300w, https:\/\/2022.americaabierta.org\/wp-content\/uploads\/2022\/06\/22568884825_8416d86223_o-1-768x512.jpg 768w, https:\/\/2022.americaabierta.org\/wp-content\/uploads\/2022\/06\/22568884825_8416d86223_o-1-1536x1024.jpg 1536w, https:\/\/2022.americaabierta.org\/wp-content\/uploads\/2022\/06\/22568884825_8416d86223_o-1-2048x1365.jpg 2048w, https:\/\/2022.americaabierta.org\/wp-content\/uploads\/2022\/06\/22568884825_8416d86223_o-1-930x620.jpg 930w\" sizes=\"auto, (max-width: 1024px) 100vw, 1024px\" \/><\/a><\/figure>\n\n\n\n<h3 class=\"has-text-align-center wp-block-heading\"><a href=\"https:\/\/americaabierta.org\/acerca-de\/\" style=\"text-decoration:none\">About Open Americas<\/a><\/h3>\n<\/div>\n\n\n\n<div class=\"wp-block-column is-layout-flow wp-block-column-is-layout-flow\">\n<figure class=\"wp-block-image size-full\"><a href=\"https:\/\/americaabierta.org\/agenda\/\"><img loading=\"lazy\" decoding=\"async\" width=\"1000\" height=\"667\" src=\"https:\/\/americaabierta.org\/wp-content\/uploads\/2022\/06\/31458151566_633eefbc7f_o.jpg\" alt=\"\" class=\"wp-image-572\" srcset=\"https:\/\/2022.americaabierta.org\/wp-content\/uploads\/2022\/06\/31458151566_633eefbc7f_o.jpg 1000w, https:\/\/2022.americaabierta.org\/wp-content\/uploads\/2022\/06\/31458151566_633eefbc7f_o-300x200.jpg 300w, https:\/\/2022.americaabierta.org\/wp-content\/uploads\/2022\/06\/31458151566_633eefbc7f_o-768x512.jpg 768w, https:\/\/2022.americaabierta.org\/wp-content\/uploads\/2022\/06\/31458151566_633eefbc7f_o-930x620.jpg 930w\" sizes=\"auto, (max-width: 1000px) 100vw, 1000px\" \/><\/a><\/figure>\n\n\n\n<h3 class=\"has-text-align-center wp-block-heading\"><a href=\"https:\/\/americaabierta.org\/agenda\/\">Agenda<\/a><\/h3>\n<\/div>\n\n\n\n<div class=\"wp-block-column is-layout-flow wp-block-column-is-layout-flow\">\n<figure class=\"wp-block-image size-large\"><a href=\"https:\/\/americaabierta.org\/ubicacion\/\"><img loading=\"lazy\" decoding=\"async\" width=\"1024\" height=\"683\" src=\"https:\/\/americaabierta.org\/wp-content\/uploads\/2022\/06\/pexels-julia-volk-5273055-1024x683.jpg\" alt=\"\" class=\"wp-image-625\" srcset=\"https:\/\/2022.americaabierta.org\/wp-content\/uploads\/2022\/06\/pexels-julia-volk-5273055-1024x683.jpg 1024w, https:\/\/2022.americaabierta.org\/wp-content\/uploads\/2022\/06\/pexels-julia-volk-5273055-300x200.jpg 300w, https:\/\/2022.americaabierta.org\/wp-content\/uploads\/2022\/06\/pexels-julia-volk-5273055-768x512.jpg 768w, https:\/\/2022.americaabierta.org\/wp-content\/uploads\/2022\/06\/pexels-julia-volk-5273055.jpg 1279w\" sizes=\"auto, (max-width: 1024px) 100vw, 1024px\" \/><\/a><\/figure>\n\n\n\n<h3 class=\"has-text-align-center wp-block-heading\"><a href=\"https:\/\/americaabierta.org\/ubicacion\/\">Location and Venue of the Event<\/a><\/h3>\n<\/div>\n<\/div>","protected":false},"excerpt":{"rendered":"<p>El registro de este evento se cerr\u00f3 el 12 de septiembre, 2022.Disfruta el evento en la transmisi\u00f3n abajo en ingl\u00e9s y espa\u00f1ol. Leer declaratoria de Abrelatam ac\u00e1 Ver actividades del d\u00eda 1 Ver actividades del d\u00eda 2 Ver actividades del d\u00eda 3 Acerca de Am\u00e9rica Abierta Agenda Ubicaci\u00f3n y Sede del Evento<\/p>","protected":false},"author":2,"featured_media":590,"parent":0,"menu_order":0,"comment_status":"closed","ping_status":"closed","template":"","meta":{"neve_meta_sidebar":"default","neve_meta_container":"default","neve_meta_enable_content_width":"on","neve_meta_content_width":100,"neve_meta_title_alignment":"","neve_meta_author_avatar":"","neve_post_elements_order":"","neve_meta_disable_header":"","neve_meta_disable_footer":"","neve_meta_disable_title":"on","_themeisle_gutenberg_block_has_review":false,"footnotes":""},"class_list":["post-308","page","type-page","status-publish","has-post-thumbnail","hentry"],"_links":{"self":[{"href":"https:\/\/2022.americaabierta.org\/en\/wp-json\/wp\/v2\/pages\/308","targetHints":{"allow":["GET"]}}],"collection":[{"href":"https:\/\/2022.americaabierta.org\/en\/wp-json\/wp\/v2\/pages"}],"about":[{"href":"https:\/\/2022.americaabierta.org\/en\/wp-json\/wp\/v2\/types\/page"}],"author":[{"embeddable":true,"href":"https:\/\/2022.americaabierta.org\/en\/wp-json\/wp\/v2\/users\/2"}],"replies":[{"embeddable":true,"href":"https:\/\/2022.americaabierta.org\/en\/wp-json\/wp\/v2\/comments?post=308"}],"version-history":[{"count":71,"href":"https:\/\/2022.americaabierta.org\/en\/wp-json\/wp\/v2\/pages\/308\/revisions"}],"predecessor-version":[{"id":947,"href":"https:\/\/2022.americaabierta.org\/en\/wp-json\/wp\/v2\/pages\/308\/revisions\/947"}],"wp:featuredmedia":[{"embeddable":true,"href":"https:\/\/2022.americaabierta.org\/en\/wp-json\/wp\/v2\/media\/590"}],"wp:attachment":[{"href":"https:\/\/2022.americaabierta.org\/en\/wp-json\/wp\/v2\/media?parent=308"}],"curies":[{"name":"wp","href":"https:\/\/api.w.org\/{rel}","templated":true}]}}